{"id":234,"date":"2022-06-21T03:35:31","date_gmt":"2022-06-21T03:35:31","guid":{"rendered":"https:\/\/dailythueanminh.com\/bao-gia-dich-vu-thue-ke-toan\/"},"modified":"2023-01-04T02:10:00","modified_gmt":"2023-01-04T02:10:00","slug":"bao-gia-dich-vu-thue-ke-toan","status":"publish","type":"page","link":"https:\/\/dailythueanminh.com\/en\/bao-gia-dich-vu-thue-ke-toan\/","title":{"rendered":"Tax &#8211; Accounting Service Quotation"},"content":{"rendered":"<div class=\"post-content\">\n<h2><span style=\"font-family: arial, helvetica, sans-serif;\"><strong>An Minh&#8217;s duties when providing <a href=\"https:\/\/dailythueanminh.com\/en\/dich-vu-ke-toan-thue\/\">tax and accounting services<\/a><\/strong><\/span><\/h2>\n<div class=\"widget\">\n<div class=\"widget-content\">\n<ul>\n<li><span style=\"font-family: arial, helvetica, sans-serif;\">Prepare tax report declaration, PIT declaration, report on invoice use, CIT provision.<br \/>\n<\/span><\/li>\n<li><span style=\"font-family: arial, helvetica, sans-serif;\">Submit tax reports to tax authorities as prescribed.<br \/>\n<\/span><\/li>\n<li><span style=\"font-family: arial, helvetica, sans-serif;\">Complete documents and make accounting books<br \/>\n<\/span><\/li>\n<li><span style=\"font-family: arial, helvetica, sans-serif;\">Preparation of year-end financial statements<br \/>\n<\/span><\/li>\n<li><span style=\"font-family: arial, helvetica, sans-serif;\">Consulting on suitable tax and accounting solutions for businesses<br \/>\n<\/span><\/li>\n<li><span style=\"font-family: arial, helvetica, sans-serif;\">Other services such as: Untangling accounting records, CIT finalization before inspection, inspection, dissolution, &#8230;<\/span><\/li>\n<\/ul>\n<\/div>\n<h3>The cost of tax and accounting services depends on the number of documents incurred by the enterprise every month, specifically:<\/h3>\n<div class=\"widget-content\">\n<p><span style=\"font-family: arial, helvetica, sans-serif;\"><strong>Accounting vouchers are calculated as follows:<\/strong><\/span><br \/>\n<span style=\"font-family: arial, helvetica, sans-serif;\">\u2013 Inward invoice and sale receipt: Each invoice is 1 document<\/span><br \/>\n<span style=\"font-family: arial, helvetica, sans-serif;\">\u2013 Bank documents: 2 transactions are counted as 1 document<\/span><br \/>\n<span style=\"font-family: arial, helvetica, sans-serif;\">\u2013 For import and export declaration: 2 items are counted as 1 document<\/span><br \/>\n<span style=\"font-family: arial, helvetica, sans-serif;\">\u2013 Receipts of road fees and charges: 2 transactions are charged with 1 document<\/span><\/p>\n<\/div>\n<\/div>\n<\/div>\n<p><span style=\"font-family: arial, helvetica, sans-serif;\"><strong>After estimating the number of documents incurred monthly, An Minh would like to advise suitable service packages to save maximum costs for businesses.<\/strong><\/span><\/p>\n<p>&gt;&gt; Refer to the service fee price list below<\/p>\n<p>inward invoice sale receipt<\/p>\n<div class=\"post-content\">\n<div class=\"widget\">\n<p><span style=\"font-family: arial, helvetica, sans-serif;\"><img loading=\"lazy\" decoding=\"async\" class=\" wp-image-421 alignleft\" src=\"https:\/\/dailythueanminh.com\/wp-content\/uploads\/2022\/08\/Bang-gia-4-241x300.png\" alt=\"\" width=\"765\" height=\"952\" srcset=\"https:\/\/dailythueanminh.com\/wp-content\/uploads\/2022\/08\/Bang-gia-4-241x300.png 241w, https:\/\/dailythueanminh.com\/wp-content\/uploads\/2022\/08\/Bang-gia-4-822x1024.png 822w, https:\/\/dailythueanminh.com\/wp-content\/uploads\/2022\/08\/Bang-gia-4-768x957.png 768w, https:\/\/dailythueanminh.com\/wp-content\/uploads\/2022\/08\/Bang-gia-4-1233x1536.png 1233w, https:\/\/dailythueanminh.com\/wp-content\/uploads\/2022\/08\/Bang-gia-4.png 1413w\" sizes=\"auto, (max-width: 765px) 100vw, 765px\" \/><\/span><\/p>\n<\/div>\n<h4><\/h4>\n<h4><\/h4>\n<h4><\/h4>\n<h4><\/h4>\n<h4><\/h4>\n<h4><\/h4>\n<h4><\/h4>\n<h4><\/h4>\n<h4><\/h4>\n<h4><\/h4>\n<h4><\/h4>\n<h4><\/h4>\n<h4><\/h4>\n<h4><\/h4>\n<h4><\/h4>\n<h4><\/h4>\n<h4><\/h4>\n<h4><\/h4>\n<h4><\/h4>\n<h4><\/h4>\n<\/div>\n<h4><\/h4>\n<p>&nbsp;<\/p>\n<p>&nbsp;<\/p>\n<p>&nbsp;<\/p>\n<p>&nbsp;<\/p>\n<p>&nbsp;<\/p>\n<p>&nbsp;<\/p>\n<p>&nbsp;<\/p>\n<p>&nbsp;<\/p>\n<p>&nbsp;<\/p>\n<p>&nbsp;<\/p>\n<p>&nbsp;<\/p>\n<p>&nbsp;<\/p>\n<p>&nbsp;<\/p>\n<p>&nbsp;<\/p>\n<p>&nbsp;<\/p>\n<p>&nbsp;<\/p>\n<p>&nbsp;<\/p>\n<p>&nbsp;<\/p>\n<p>&nbsp;<\/p>\n<p>&nbsp;<\/p>\n<p>&nbsp;<\/p>\n<p>&nbsp;<\/p>\n<p>&nbsp;<\/p>\n<p>&nbsp;<\/p>\n<p>&nbsp;<\/p>\n<p>&nbsp;<\/p>\n<p>&nbsp;<\/p>\n<p>&nbsp;<\/p>\n<h4 id=\"Khach-hang-can-cung-cap-nhung-gi-khi-su-dung-dich-vu-ke-toan\/bao-cao-thue\">So what do customers need to provide when using tax \u2013 accounting services<\/h4>\n<div class=\"widget\">\n<div class=\"widget-content\">\n<ul>\n<li>Provide input and output invoices (Via email with electromagnetic bill or Photo bill)<\/li>\n<li>Digital signature to submit tax reports online.<\/li>\n<\/ul>\n<p>&nbsp;<\/p>\n<\/div>\n<\/div>\n<table style=\"border-collapse: collapse; width: 100%;\">\n<tbody>\n<tr>\n<td style=\"width: 100%;\">\n<h3 style=\"text-align: center;\"><span style=\"color: #ff0000;\"><em><strong><span style=\"font-family: arial, helvetica, sans-serif;\">An Minh tax agent is having preferential promotion for the first quarter of service fees when customers register for tax agency and tax consulting services at the company. (Applicable to new customers and registered for tax services by year)<\/span><\/strong><\/em><\/span><\/h3>\n<\/td>\n<\/tr>\n<\/tbody>\n<\/table>\n<h3><span style=\"color: #b85a1c; font-family: arial, helvetica, sans-serif;\"><em><strong>AN MINH TAX AGENCY \u2013 SAFETY AND TRANSPARENCY<\/strong><\/em><\/span><\/h3>\n<div class=\"widget\">\n<div class=\"widget-content\">\n<p><em><span style=\"color: #b85a1c;\"><strong>For more information, please contact:<\/strong><\/span><\/em><\/p>\n<p><span style=\"color: #b85a1c;\"><strong>An Minh Tax Agent Company Limited<\/strong><\/span><\/p>\n<p><span style=\"color: #b85a1c;\"><strong>Hotline: 028-6271-0887 Phone: 0987 801 898<\/strong><\/span><\/p>\n<p><span style=\"color: #b85a1c;\"><strong>Email : yen.cao@anminhtax.com.vn<\/strong><\/span><\/p>\n<\/div>\n<\/div>\n<h4><\/h4>\n<p>&nbsp;<\/p>\n<div class=\"post-content\">\n<h4><\/h4>\n<h4><\/h4>\n<h4><\/h4>\n<h4><\/h4>\n<h4><\/h4>\n<h4><\/h4>\n<h4><\/h4>\n<h4><\/h4>\n<h4><\/h4>\n<h4><\/h4>\n<h4><\/h4>\n<h4><\/h4>\n<h4><\/h4>\n<h4><\/h4>\n<h4><\/h4>\n<h4><\/h4>\n<h4><\/h4>\n<h4><\/h4>\n<h4><\/h4>\n<div class=\"widget\">\n<div class=\"widget-content\">\n<p>&nbsp;<\/p>\n<\/div>\n<\/div>\n<\/div>\n","protected":false},"excerpt":{"rendered":"<p>An Minh&#8217;s duties when providing tax and accounting services Prepare tax report declaration, PIT declaration, report on invoice use, CIT provision. Submit tax reports to&#8230;<\/p>\n","protected":false},"author":2,"featured_media":0,"parent":0,"menu_order":0,"comment_status":"closed","ping_status":"closed","template":"","meta":{"footnotes":""},"class_list":["post-234","page","type-page","status-publish","hentry"],"acf":[],"yoast_head":"<!-- This site is optimized with the Yoast SEO plugin v27.5 - https:\/\/yoast.com\/product\/yoast-seo-wordpress\/ -->\n<title>Tax - Accounting Service Quotation<\/title>\n<meta name=\"description\" content=\"Kinh Nghi\u1ec7m Chuy\u00ean S\u00e2u. R\u00f5 R\u00e0ng, Minh B\u1ea1ch. Cam K\u1ebft L\u00e0m S\u1ed5 K\u1ebf To\u00e1n \u0110\u1ea7y \u0110\u1ee7 H\u00e0ng Th\u00e1ng\/Qu\u00fd. Quy Tr\u00ecnh Ki\u1ec3m So\u00e1t Ch\u1eb7t Ch\u1ebd. R\u00f5 R\u00e0ng,\" \/>\n<meta name=\"robots\" content=\"index, follow, max-snippet:-1, max-image-preview:large, max-video-preview:-1\" \/>\n<link rel=\"canonical\" href=\"https:\/\/dailythueanminh.com\/en\/bao-gia-dich-vu-thue-ke-toan\/\" \/>\n<meta property=\"og:locale\" content=\"en_US\" \/>\n<meta property=\"og:type\" content=\"article\" \/>\n<meta property=\"og:title\" content=\"Tax - Accounting Service Quotation\" \/>\n<meta property=\"og:description\" content=\"Kinh Nghi\u1ec7m Chuy\u00ean S\u00e2u. R\u00f5 R\u00e0ng, Minh B\u1ea1ch. Cam K\u1ebft L\u00e0m S\u1ed5 K\u1ebf To\u00e1n \u0110\u1ea7y \u0110\u1ee7 H\u00e0ng Th\u00e1ng\/Qu\u00fd. Quy Tr\u00ecnh Ki\u1ec3m So\u00e1t Ch\u1eb7t Ch\u1ebd. R\u00f5 R\u00e0ng,\" \/>\n<meta property=\"og:url\" content=\"https:\/\/dailythueanminh.com\/en\/bao-gia-dich-vu-thue-ke-toan\/\" \/>\n<meta property=\"og:site_name\" content=\"anminh\" \/>\n<meta property=\"article:modified_time\" content=\"2023-01-04T02:10:00+00:00\" \/>\n<meta property=\"og:image\" content=\"https:\/\/dailythueanminh.com\/wp-content\/uploads\/2022\/08\/Bang-gia-4-241x300.png\" \/>\n<meta name=\"twitter:card\" content=\"summary_large_image\" \/>\n<meta name=\"twitter:label1\" content=\"Est. reading time\" \/>\n\t<meta name=\"twitter:data1\" content=\"2 minutes\" \/>\n<script type=\"application\/ld+json\" class=\"yoast-schema-graph\">{\"@context\":\"https:\\\/\\\/schema.org\",\"@graph\":[{\"@type\":\"WebPage\",\"@id\":\"https:\\\/\\\/dailythueanminh.com\\\/en\\\/bao-gia-dich-vu-thue-ke-toan\\\/\",\"url\":\"https:\\\/\\\/dailythueanminh.com\\\/en\\\/bao-gia-dich-vu-thue-ke-toan\\\/\",\"name\":\"Tax - Accounting Service Quotation\",\"isPartOf\":{\"@id\":\"https:\\\/\\\/dailythueanminh.com\\\/en\\\/#website\"},\"primaryImageOfPage\":{\"@id\":\"https:\\\/\\\/dailythueanminh.com\\\/en\\\/bao-gia-dich-vu-thue-ke-toan\\\/#primaryimage\"},\"image\":{\"@id\":\"https:\\\/\\\/dailythueanminh.com\\\/en\\\/bao-gia-dich-vu-thue-ke-toan\\\/#primaryimage\"},\"thumbnailUrl\":\"https:\\\/\\\/dailythueanminh.com\\\/wp-content\\\/uploads\\\/2022\\\/08\\\/Bang-gia-4-241x300.png\",\"datePublished\":\"2022-06-21T03:35:31+00:00\",\"dateModified\":\"2023-01-04T02:10:00+00:00\",\"description\":\"Kinh Nghi\u1ec7m Chuy\u00ean S\u00e2u. R\u00f5 R\u00e0ng, Minh B\u1ea1ch. Cam K\u1ebft L\u00e0m S\u1ed5 K\u1ebf To\u00e1n \u0110\u1ea7y \u0110\u1ee7 H\u00e0ng Th\u00e1ng\\\/Qu\u00fd. Quy Tr\u00ecnh Ki\u1ec3m So\u00e1t Ch\u1eb7t Ch\u1ebd. R\u00f5 R\u00e0ng,\",\"breadcrumb\":{\"@id\":\"https:\\\/\\\/dailythueanminh.com\\\/en\\\/bao-gia-dich-vu-thue-ke-toan\\\/#breadcrumb\"},\"inLanguage\":\"en-US\",\"potentialAction\":[{\"@type\":\"ReadAction\",\"target\":[\"https:\\\/\\\/dailythueanminh.com\\\/en\\\/bao-gia-dich-vu-thue-ke-toan\\\/\"]}]},{\"@type\":\"ImageObject\",\"inLanguage\":\"en-US\",\"@id\":\"https:\\\/\\\/dailythueanminh.com\\\/en\\\/bao-gia-dich-vu-thue-ke-toan\\\/#primaryimage\",\"url\":\"https:\\\/\\\/dailythueanminh.com\\\/wp-content\\\/uploads\\\/2022\\\/08\\\/Bang-gia-4-241x300.png\",\"contentUrl\":\"https:\\\/\\\/dailythueanminh.com\\\/wp-content\\\/uploads\\\/2022\\\/08\\\/Bang-gia-4-241x300.png\"},{\"@type\":\"BreadcrumbList\",\"@id\":\"https:\\\/\\\/dailythueanminh.com\\\/en\\\/bao-gia-dich-vu-thue-ke-toan\\\/#breadcrumb\",\"itemListElement\":[{\"@type\":\"ListItem\",\"position\":1,\"name\":\"Home\",\"item\":\"https:\\\/\\\/dailythueanminh.com\\\/en\\\/\"},{\"@type\":\"ListItem\",\"position\":2,\"name\":\"Tax &#8211; Accounting Service Quotation\"}]},{\"@type\":\"WebSite\",\"@id\":\"https:\\\/\\\/dailythueanminh.com\\\/en\\\/#website\",\"url\":\"https:\\\/\\\/dailythueanminh.com\\\/en\\\/\",\"name\":\"anminh\",\"description\":\"Just another WordPress site\",\"publisher\":{\"@id\":\"https:\\\/\\\/dailythueanminh.com\\\/en\\\/#organization\"},\"potentialAction\":[{\"@type\":\"SearchAction\",\"target\":{\"@type\":\"EntryPoint\",\"urlTemplate\":\"https:\\\/\\\/dailythueanminh.com\\\/en\\\/?s={search_term_string}\"},\"query-input\":{\"@type\":\"PropertyValueSpecification\",\"valueRequired\":true,\"valueName\":\"search_term_string\"}}],\"inLanguage\":\"en-US\"},{\"@type\":\"Organization\",\"@id\":\"https:\\\/\\\/dailythueanminh.com\\\/en\\\/#organization\",\"name\":\"An Minh\",\"url\":\"https:\\\/\\\/dailythueanminh.com\\\/en\\\/\",\"logo\":{\"@type\":\"ImageObject\",\"inLanguage\":\"en-US\",\"@id\":\"https:\\\/\\\/dailythueanminh.com\\\/en\\\/#\\\/schema\\\/logo\\\/image\\\/\",\"url\":\"https:\\\/\\\/dailythueanminh.com\\\/wp-content\\\/uploads\\\/2022\\\/06\\\/an-minh-logo.png\",\"contentUrl\":\"https:\\\/\\\/dailythueanminh.com\\\/wp-content\\\/uploads\\\/2022\\\/06\\\/an-minh-logo.png\",\"width\":2000,\"height\":2220,\"caption\":\"An Minh\"},\"image\":{\"@id\":\"https:\\\/\\\/dailythueanminh.com\\\/en\\\/#\\\/schema\\\/logo\\\/image\\\/\"}}]}<\/script>\n<!-- \/ Yoast SEO plugin. -->","yoast_head_json":{"title":"Tax - Accounting Service Quotation","description":"Kinh Nghi\u1ec7m Chuy\u00ean S\u00e2u. R\u00f5 R\u00e0ng, Minh B\u1ea1ch. Cam K\u1ebft L\u00e0m S\u1ed5 K\u1ebf To\u00e1n \u0110\u1ea7y \u0110\u1ee7 H\u00e0ng Th\u00e1ng\/Qu\u00fd. Quy Tr\u00ecnh Ki\u1ec3m So\u00e1t Ch\u1eb7t Ch\u1ebd. R\u00f5 R\u00e0ng,","robots":{"index":"index","follow":"follow","max-snippet":"max-snippet:-1","max-image-preview":"max-image-preview:large","max-video-preview":"max-video-preview:-1"},"canonical":"https:\/\/dailythueanminh.com\/en\/bao-gia-dich-vu-thue-ke-toan\/","og_locale":"en_US","og_type":"article","og_title":"Tax - Accounting Service Quotation","og_description":"Kinh Nghi\u1ec7m Chuy\u00ean S\u00e2u. R\u00f5 R\u00e0ng, Minh B\u1ea1ch. Cam K\u1ebft L\u00e0m S\u1ed5 K\u1ebf To\u00e1n \u0110\u1ea7y \u0110\u1ee7 H\u00e0ng Th\u00e1ng\/Qu\u00fd. Quy Tr\u00ecnh Ki\u1ec3m So\u00e1t Ch\u1eb7t Ch\u1ebd. R\u00f5 R\u00e0ng,","og_url":"https:\/\/dailythueanminh.com\/en\/bao-gia-dich-vu-thue-ke-toan\/","og_site_name":"anminh","article_modified_time":"2023-01-04T02:10:00+00:00","og_image":[{"url":"https:\/\/dailythueanminh.com\/wp-content\/uploads\/2022\/08\/Bang-gia-4-241x300.png","type":"","width":"","height":""}],"twitter_card":"summary_large_image","twitter_misc":{"Est. reading time":"2 minutes"},"schema":{"@context":"https:\/\/schema.org","@graph":[{"@type":"WebPage","@id":"https:\/\/dailythueanminh.com\/en\/bao-gia-dich-vu-thue-ke-toan\/","url":"https:\/\/dailythueanminh.com\/en\/bao-gia-dich-vu-thue-ke-toan\/","name":"Tax - Accounting Service Quotation","isPartOf":{"@id":"https:\/\/dailythueanminh.com\/en\/#website"},"primaryImageOfPage":{"@id":"https:\/\/dailythueanminh.com\/en\/bao-gia-dich-vu-thue-ke-toan\/#primaryimage"},"image":{"@id":"https:\/\/dailythueanminh.com\/en\/bao-gia-dich-vu-thue-ke-toan\/#primaryimage"},"thumbnailUrl":"https:\/\/dailythueanminh.com\/wp-content\/uploads\/2022\/08\/Bang-gia-4-241x300.png","datePublished":"2022-06-21T03:35:31+00:00","dateModified":"2023-01-04T02:10:00+00:00","description":"Kinh Nghi\u1ec7m Chuy\u00ean S\u00e2u. R\u00f5 R\u00e0ng, Minh B\u1ea1ch. Cam K\u1ebft L\u00e0m S\u1ed5 K\u1ebf To\u00e1n \u0110\u1ea7y \u0110\u1ee7 H\u00e0ng Th\u00e1ng\/Qu\u00fd. Quy Tr\u00ecnh Ki\u1ec3m So\u00e1t Ch\u1eb7t Ch\u1ebd. R\u00f5 R\u00e0ng,","breadcrumb":{"@id":"https:\/\/dailythueanminh.com\/en\/bao-gia-dich-vu-thue-ke-toan\/#breadcrumb"},"inLanguage":"en-US","potentialAction":[{"@type":"ReadAction","target":["https:\/\/dailythueanminh.com\/en\/bao-gia-dich-vu-thue-ke-toan\/"]}]},{"@type":"ImageObject","inLanguage":"en-US","@id":"https:\/\/dailythueanminh.com\/en\/bao-gia-dich-vu-thue-ke-toan\/#primaryimage","url":"https:\/\/dailythueanminh.com\/wp-content\/uploads\/2022\/08\/Bang-gia-4-241x300.png","contentUrl":"https:\/\/dailythueanminh.com\/wp-content\/uploads\/2022\/08\/Bang-gia-4-241x300.png"},{"@type":"BreadcrumbList","@id":"https:\/\/dailythueanminh.com\/en\/bao-gia-dich-vu-thue-ke-toan\/#breadcrumb","itemListElement":[{"@type":"ListItem","position":1,"name":"Home","item":"https:\/\/dailythueanminh.com\/en\/"},{"@type":"ListItem","position":2,"name":"Tax &#8211; Accounting Service Quotation"}]},{"@type":"WebSite","@id":"https:\/\/dailythueanminh.com\/en\/#website","url":"https:\/\/dailythueanminh.com\/en\/","name":"anminh","description":"Just another WordPress site","publisher":{"@id":"https:\/\/dailythueanminh.com\/en\/#organization"},"potentialAction":[{"@type":"SearchAction","target":{"@type":"EntryPoint","urlTemplate":"https:\/\/dailythueanminh.com\/en\/?s={search_term_string}"},"query-input":{"@type":"PropertyValueSpecification","valueRequired":true,"valueName":"search_term_string"}}],"inLanguage":"en-US"},{"@type":"Organization","@id":"https:\/\/dailythueanminh.com\/en\/#organization","name":"An Minh","url":"https:\/\/dailythueanminh.com\/en\/","logo":{"@type":"ImageObject","inLanguage":"en-US","@id":"https:\/\/dailythueanminh.com\/en\/#\/schema\/logo\/image\/","url":"https:\/\/dailythueanminh.com\/wp-content\/uploads\/2022\/06\/an-minh-logo.png","contentUrl":"https:\/\/dailythueanminh.com\/wp-content\/uploads\/2022\/06\/an-minh-logo.png","width":2000,"height":2220,"caption":"An Minh"},"image":{"@id":"https:\/\/dailythueanminh.com\/en\/#\/schema\/logo\/image\/"}}]}},"_links":{"self":[{"href":"https:\/\/dailythueanminh.com\/en\/wp-json\/wp\/v2\/pages\/234","targetHints":{"allow":["GET"]}}],"collection":[{"href":"https:\/\/dailythueanminh.com\/en\/wp-json\/wp\/v2\/pages"}],"about":[{"href":"https:\/\/dailythueanminh.com\/en\/wp-json\/wp\/v2\/types\/page"}],"author":[{"embeddable":true,"href":"https:\/\/dailythueanminh.com\/en\/wp-json\/wp\/v2\/users\/2"}],"replies":[{"embeddable":true,"href":"https:\/\/dailythueanminh.com\/en\/wp-json\/wp\/v2\/comments?post=234"}],"version-history":[{"count":10,"href":"https:\/\/dailythueanminh.com\/en\/wp-json\/wp\/v2\/pages\/234\/revisions"}],"predecessor-version":[{"id":655,"href":"https:\/\/dailythueanminh.com\/en\/wp-json\/wp\/v2\/pages\/234\/revisions\/655"}],"wp:attachment":[{"href":"https:\/\/dailythueanminh.com\/en\/wp-json\/wp\/v2\/media?parent=234"}],"curies":[{"name":"wp","href":"https:\/\/api.w.org\/{rel}","templated":true}]}}