{"id":242,"date":"2022-06-04T07:30:21","date_gmt":"2022-06-04T07:30:21","guid":{"rendered":"https:\/\/dailythueanminh.com\/?page_id=242"},"modified":"2022-08-11T10:18:35","modified_gmt":"2022-08-11T10:18:35","slug":"privacy-policy","status":"publish","type":"page","link":"https:\/\/dailythueanminh.com\/en\/privacy-policy\/","title":{"rendered":"Privacy Policy"},"content":{"rendered":"\n<h3 class=\"wp-block-heading\"><em style=\"font-weight: bold;\">\u00a0<\/em>Ch\u00ednh s\u00e1ch b\u1ea3o m\u1eadt th\u00f4ng tin doanh nghi\u1ec7p <span style=\"\">lu\u00f4n l\u00e0 ti\u00eau ch\u00ed h\u00e0ng \u0111\u1ea7u c\u1ee7a m\u1ecdi doanh <\/span>nghi\u1ec7p<span style=\"\">, nh\u1ea5t l\u00e0 trong th\u1eddi k\u1ef3 chuy\u1ec3n \u0111\u1ed5i s\u1ed1 hi\u1ec7n nay.<\/span> \u0110\u1ea1i l\u00fd thu\u1ebf An Minh cam k\u1ebft l\u01b0u gi\u1eef th\u00f4ng tin kh\u00e1ch h\u00e0ng lu\u00f4n b\u1ea3o m\u1eadt v\u00e0 l\u1ea5y \u0111\u00f3 l\u00e0m ti\u00eau ch\u00ed ph\u1ee5c v\u1ee5 kh\u00e1ch h\u00e0ng c\u1ea9n tr\u1ecdng nh\u1ea5t.<\/h3>\n\n\n\n<h4 class=\"wp-block-heading\"><strong>1. Thu nh\u1eadp v\u00e0 s\u1eed d\u1ee5ng th\u00f4ng tin c\u00e1 nh\u00e2n.<\/strong><\/h4>\n\n\n\n<p>Vi\u1ec7c thu th\u1eadp th\u00f4ng tin bao g\u1ed3m: H\u1ecd t\u00ean, email, s\u1ed1 \u0111i\u1ec7n tho\u1ea1i, \u0111\u1ecba ch\u1ec9 l\u00e0 c\u00e1c th\u00f4ng tin b\u1eaft bu\u1ed9c \u0111\u1ec3 An Minh th\u1ef1c hi\u1ec7n <a href=\"https:\/\/dailythueanminh.com\/en\/gioi-thieu\/\">d\u1ecbch v\u1ee5<\/a> t\u01b0 v\u1ea5n cho kh\u00e1ch h\u00e0ng<\/p>\n\n\n\n<p>\u0110\u1ea1i l\u00fd ch\u1ec9 s\u1eed d\u1ee5ng th\u00f4ng tin kh\u00e1ch h\u00e0ng cung c\u1ea5p \u0111\u1ec3:<\/p>\n\n\n\n<p>Li\u00ean l\u1ea1c v\u00e0 th\u1ef1c hi\u1ec7n th\u1ee7 t\u1ee5c, d\u1ecbch v\u1ee5 v\u1edbi kh\u00e1ch h\u00e0ng khi \u0111\u01b0\u1ee3c y\u00eau c\u1ea7u<\/p>\n\n\n\n<p>Qu\u1ea3n l\u00fd ho\u1ea1t \u0111\u1ed9ng gi\u1edbi thi\u1ec7u d\u1ecbch v\u1ee5 An Minh.<\/p>\n\n\n\n<p>C\u1eadp nh\u1eadt c\u00e1c th\u00f4ng tin v\u1ec1 ch\u00ednh s\u00e1ch thu\u1ebf, k\u1ebf to\u00e1n hi\u1ec7n h\u00e0nh cho kh\u00e1ch h\u00e0ng<\/p>\n\n\n\n<p>Li\u00ean h\u1ec7 v\u1edbi Kh\u00e1ch h\u00e0ng \u0111\u1ec3 h\u01b0\u1edbng d\u1eabn, t\u01b0 v\u1ea5n cho kh\u00e1ch h\u00e0ng<\/p>\n\n\n\n<p>Ti\u1ebfp nh\u1eadn th\u00f4ng tin, \u0111\u1ec1 xu\u1ea5t, khi\u1ebfu n\u1ea1i c\u1ee7a kh\u00e1ch h\u00e0ng nh\u1eb1m c\u1ea3i thi\u1ec7n ch\u1ea5t l\u01b0\u1ee3ng d\u1ecbch v\u1ee5.<\/p>\n\n\n\n<h4 class=\"wp-block-heading\"><strong>2. Cam k\u1ebft b\u1ea3o m\u1eadt th\u00f4ng tin kh\u00e1ch h\u00e0ng<\/strong><\/h4>\n\n\n\n<p>Th\u00f4ng tin c\u00e1 nh\u00e2n kh\u00e1ch h\u00e0ng \u0111\u01b0\u1ee3c cam k\u1ebft b\u1ea3o m\u1eadt tuy\u1ec7t \u0111\u1ed1i theo ch\u00ednh s\u00e1ch c\u1ee7a c\u00f4ng ty. <\/p>\n\n\n\n<p>Vi\u1ec7c thu th\u1eadp s\u1eed d\u1ee5ng th\u00f4ng tin c\u1ee7a kh\u00e1ch h\u00e0ng ch\u1ec9 \u0111\u01b0\u1ee3c th\u1ef1c hi\u1ec7n khi c\u00f3 s\u1ef1 \u0111\u1ed3ng \u00fd.<\/p>\n\n\n\n<p>Kh\u00f4ng ti\u1ebft l\u1ed9 cho b\u00ean th\u1ee9 3 v\u1ec1 th\u00f4ng tin c\u00e1 nh\u00e2n kh\u00e1ch h\u00e0ng khi kh\u00f4ng c\u00f3 s\u1ef1 cho ph\u00e9p.<\/p>\n\n\n\n<p>C\u00f4ng ty kh\u00f4ng ch\u1ecbu tr\u00e1ch nhi\u1ec7m v\u00e0 gi\u1ea3i quy\u1ebft khi\u1ebfu n\u1ea1i n\u1ebfu th\u1ea5y th\u00f4ng tin \u0111\u01b0\u1ee3c cung c\u1ea5p kh\u00f4ng ch\u00ednh x\u00e1c.<\/p>\n\n\n\n<p>Kh\u00e1ch h\u00e0ng c\u00f3 th\u1ebf y\u00eau c\u1ea7u x\u00f3a b\u1ecf th\u00f4ng tin li\u00ean quan \u0111\u1ebfn doanh nghi\u1ec7p c\u1ee7a m\u00ecnh tr\u00ean website An Minh.<\/p>\n\n\n\n<p>C\u00e1c \u0111i\u1ec1u kho\u1ea3n v\u00e0 \u0111i\u1ec1u ki\u1ec7n s\u1eed d\u1ee5ng n\u00e0y s\u1ebd tu\u00e2n th\u1ee7 theo h\u1ec7 th\u1ed1ng ph\u00e1p lu\u1eadt c\u1ee7a Vi\u1ec7t Nam.<\/p>\n\n\n\n<p><strong>3. Th\u00f4ng tin li\u00ean h\u1ec7:<\/strong><\/p>\n\n\n\n<p>Ch\u00fang t\u00f4i hoan ngh\u00eanh m\u1ecdi th\u00f4ng tin ph\u1ea3n h\u1ed3i, \u00fd ki\u1ebfn c\u1ee7a b\u1ea1n v\u1ec1 ch\u00ednh s\u00e1ch b\u1ea3o m\u1eadt n\u00e0y. M\u1ecdi ph\u1ea3n h\u1ed3i xin vui l\u00f2ng g\u1eedi cho ch\u00fang t\u00f4i t\u1ea1i \u0111\u1ecba ch\u1ec9 email sau: yen.cao@anminhtax.com.vn<\/p>\n","protected":false},"excerpt":{"rendered":"<p>\u00a0Ch\u00ednh s\u00e1ch b\u1ea3o m\u1eadt th\u00f4ng tin doanh nghi\u1ec7p lu\u00f4n l\u00e0 ti\u00eau ch\u00ed h\u00e0ng \u0111\u1ea7u c\u1ee7a m\u1ecdi doanh nghi\u1ec7p, nh\u1ea5t l\u00e0 trong th\u1eddi k\u1ef3 chuy\u1ec3n \u0111\u1ed5i&#8230;<\/p>\n","protected":false},"author":2,"featured_media":0,"parent":0,"menu_order":0,"comment_status":"closed","ping_status":"closed","template":"","meta":{"footnotes":""},"class_list":["post-242","page","type-page","status-publish","hentry"],"acf":[],"yoast_head":"<!-- This site is optimized with the Yoast SEO plugin v27.5 - https:\/\/yoast.com\/product\/yoast-seo-wordpress\/ -->\n<title>Privacy Policy - anminh<\/title>\n<meta name=\"robots\" content=\"index, follow, max-snippet:-1, max-image-preview:large, max-video-preview:-1\" \/>\n<link rel=\"canonical\" href=\"https:\/\/dailythueanminh.com\/en\/privacy-policy\/\" \/>\n<meta property=\"og:locale\" content=\"en_US\" \/>\n<meta property=\"og:type\" content=\"article\" \/>\n<meta property=\"og:title\" content=\"Privacy Policy - anminh\" \/>\n<meta property=\"og:description\" content=\"\u00a0Ch\u00ednh s\u00e1ch b\u1ea3o m\u1eadt th\u00f4ng tin doanh nghi\u1ec7p lu\u00f4n l\u00e0 ti\u00eau ch\u00ed h\u00e0ng \u0111\u1ea7u c\u1ee7a m\u1ecdi doanh nghi\u1ec7p, nh\u1ea5t l\u00e0 trong th\u1eddi k\u1ef3 chuy\u1ec3n \u0111\u1ed5i...\" \/>\n<meta property=\"og:url\" content=\"https:\/\/dailythueanminh.com\/en\/privacy-policy\/\" \/>\n<meta property=\"og:site_name\" content=\"anminh\" \/>\n<meta property=\"article:modified_time\" content=\"2022-08-11T10:18:35+00:00\" \/>\n<meta name=\"twitter:card\" content=\"summary_large_image\" \/>\n<meta name=\"twitter:label1\" content=\"Est. reading time\" \/>\n\t<meta name=\"twitter:data1\" content=\"3 minutes\" \/>\n<script type=\"application\/ld+json\" class=\"yoast-schema-graph\">{\"@context\":\"https:\\\/\\\/schema.org\",\"@graph\":[{\"@type\":\"WebPage\",\"@id\":\"https:\\\/\\\/dailythueanminh.com\\\/en\\\/privacy-policy\\\/\",\"url\":\"https:\\\/\\\/dailythueanminh.com\\\/en\\\/privacy-policy\\\/\",\"name\":\"Privacy Policy - anminh\",\"isPartOf\":{\"@id\":\"https:\\\/\\\/dailythueanminh.com\\\/en\\\/#website\"},\"datePublished\":\"2022-06-04T07:30:21+00:00\",\"dateModified\":\"2022-08-11T10:18:35+00:00\",\"breadcrumb\":{\"@id\":\"https:\\\/\\\/dailythueanminh.com\\\/en\\\/privacy-policy\\\/#breadcrumb\"},\"inLanguage\":\"en-US\",\"potentialAction\":[{\"@type\":\"ReadAction\",\"target\":[\"https:\\\/\\\/dailythueanminh.com\\\/en\\\/privacy-policy\\\/\"]}]},{\"@type\":\"BreadcrumbList\",\"@id\":\"https:\\\/\\\/dailythueanminh.com\\\/en\\\/privacy-policy\\\/#breadcrumb\",\"itemListElement\":[{\"@type\":\"ListItem\",\"position\":1,\"name\":\"Home\",\"item\":\"https:\\\/\\\/dailythueanminh.com\\\/en\\\/\"},{\"@type\":\"ListItem\",\"position\":2,\"name\":\"Privacy Policy\"}]},{\"@type\":\"WebSite\",\"@id\":\"https:\\\/\\\/dailythueanminh.com\\\/en\\\/#website\",\"url\":\"https:\\\/\\\/dailythueanminh.com\\\/en\\\/\",\"name\":\"anminh\",\"description\":\"Just another WordPress site\",\"publisher\":{\"@id\":\"https:\\\/\\\/dailythueanminh.com\\\/en\\\/#organization\"},\"potentialAction\":[{\"@type\":\"SearchAction\",\"target\":{\"@type\":\"EntryPoint\",\"urlTemplate\":\"https:\\\/\\\/dailythueanminh.com\\\/en\\\/?s={search_term_string}\"},\"query-input\":{\"@type\":\"PropertyValueSpecification\",\"valueRequired\":true,\"valueName\":\"search_term_string\"}}],\"inLanguage\":\"en-US\"},{\"@type\":\"Organization\",\"@id\":\"https:\\\/\\\/dailythueanminh.com\\\/en\\\/#organization\",\"name\":\"An Minh\",\"url\":\"https:\\\/\\\/dailythueanminh.com\\\/en\\\/\",\"logo\":{\"@type\":\"ImageObject\",\"inLanguage\":\"en-US\",\"@id\":\"https:\\\/\\\/dailythueanminh.com\\\/en\\\/#\\\/schema\\\/logo\\\/image\\\/\",\"url\":\"https:\\\/\\\/dailythueanminh.com\\\/wp-content\\\/uploads\\\/2022\\\/06\\\/an-minh-logo.png\",\"contentUrl\":\"https:\\\/\\\/dailythueanminh.com\\\/wp-content\\\/uploads\\\/2022\\\/06\\\/an-minh-logo.png\",\"width\":2000,\"height\":2220,\"caption\":\"An Minh\"},\"image\":{\"@id\":\"https:\\\/\\\/dailythueanminh.com\\\/en\\\/#\\\/schema\\\/logo\\\/image\\\/\"}}]}<\/script>\n<!-- \/ Yoast SEO plugin. -->","yoast_head_json":{"title":"Privacy Policy - anminh","robots":{"index":"index","follow":"follow","max-snippet":"max-snippet:-1","max-image-preview":"max-image-preview:large","max-video-preview":"max-video-preview:-1"},"canonical":"https:\/\/dailythueanminh.com\/en\/privacy-policy\/","og_locale":"en_US","og_type":"article","og_title":"Privacy Policy - anminh","og_description":"\u00a0Ch\u00ednh s\u00e1ch b\u1ea3o m\u1eadt th\u00f4ng tin doanh nghi\u1ec7p lu\u00f4n l\u00e0 ti\u00eau ch\u00ed h\u00e0ng \u0111\u1ea7u c\u1ee7a m\u1ecdi doanh nghi\u1ec7p, nh\u1ea5t l\u00e0 trong th\u1eddi k\u1ef3 chuy\u1ec3n \u0111\u1ed5i...","og_url":"https:\/\/dailythueanminh.com\/en\/privacy-policy\/","og_site_name":"anminh","article_modified_time":"2022-08-11T10:18:35+00:00","twitter_card":"summary_large_image","twitter_misc":{"Est. reading time":"3 minutes"},"schema":{"@context":"https:\/\/schema.org","@graph":[{"@type":"WebPage","@id":"https:\/\/dailythueanminh.com\/en\/privacy-policy\/","url":"https:\/\/dailythueanminh.com\/en\/privacy-policy\/","name":"Privacy Policy - anminh","isPartOf":{"@id":"https:\/\/dailythueanminh.com\/en\/#website"},"datePublished":"2022-06-04T07:30:21+00:00","dateModified":"2022-08-11T10:18:35+00:00","breadcrumb":{"@id":"https:\/\/dailythueanminh.com\/en\/privacy-policy\/#breadcrumb"},"inLanguage":"en-US","potentialAction":[{"@type":"ReadAction","target":["https:\/\/dailythueanminh.com\/en\/privacy-policy\/"]}]},{"@type":"BreadcrumbList","@id":"https:\/\/dailythueanminh.com\/en\/privacy-policy\/#breadcrumb","itemListElement":[{"@type":"ListItem","position":1,"name":"Home","item":"https:\/\/dailythueanminh.com\/en\/"},{"@type":"ListItem","position":2,"name":"Privacy Policy"}]},{"@type":"WebSite","@id":"https:\/\/dailythueanminh.com\/en\/#website","url":"https:\/\/dailythueanminh.com\/en\/","name":"anminh","description":"Just another WordPress site","publisher":{"@id":"https:\/\/dailythueanminh.com\/en\/#organization"},"potentialAction":[{"@type":"SearchAction","target":{"@type":"EntryPoint","urlTemplate":"https:\/\/dailythueanminh.com\/en\/?s={search_term_string}"},"query-input":{"@type":"PropertyValueSpecification","valueRequired":true,"valueName":"search_term_string"}}],"inLanguage":"en-US"},{"@type":"Organization","@id":"https:\/\/dailythueanminh.com\/en\/#organization","name":"An Minh","url":"https:\/\/dailythueanminh.com\/en\/","logo":{"@type":"ImageObject","inLanguage":"en-US","@id":"https:\/\/dailythueanminh.com\/en\/#\/schema\/logo\/image\/","url":"https:\/\/dailythueanminh.com\/wp-content\/uploads\/2022\/06\/an-minh-logo.png","contentUrl":"https:\/\/dailythueanminh.com\/wp-content\/uploads\/2022\/06\/an-minh-logo.png","width":2000,"height":2220,"caption":"An Minh"},"image":{"@id":"https:\/\/dailythueanminh.com\/en\/#\/schema\/logo\/image\/"}}]}},"_links":{"self":[{"href":"https:\/\/dailythueanminh.com\/en\/wp-json\/wp\/v2\/pages\/242","targetHints":{"allow":["GET"]}}],"collection":[{"href":"https:\/\/dailythueanminh.com\/en\/wp-json\/wp\/v2\/pages"}],"about":[{"href":"https:\/\/dailythueanminh.com\/en\/wp-json\/wp\/v2\/types\/page"}],"author":[{"embeddable":true,"href":"https:\/\/dailythueanminh.com\/en\/wp-json\/wp\/v2\/users\/2"}],"replies":[{"embeddable":true,"href":"https:\/\/dailythueanminh.com\/en\/wp-json\/wp\/v2\/comments?post=242"}],"version-history":[{"count":4,"href":"https:\/\/dailythueanminh.com\/en\/wp-json\/wp\/v2\/pages\/242\/revisions"}],"predecessor-version":[{"id":464,"href":"https:\/\/dailythueanminh.com\/en\/wp-json\/wp\/v2\/pages\/242\/revisions\/464"}],"wp:attachment":[{"href":"https:\/\/dailythueanminh.com\/en\/wp-json\/wp\/v2\/media?parent=242"}],"curies":[{"name":"wp","href":"https:\/\/api.w.org\/{rel}","templated":true}]}}